{"id":46,"date":"2021-01-27T01:53:45","date_gmt":"2021-01-27T01:53:45","guid":{"rendered":"https:\/\/alarcon-bustamante.cl\/?page_id=46"},"modified":"2025-09-12T15:17:48","modified_gmt":"2025-09-12T15:17:48","slug":"publications","status":"publish","type":"page","link":"https:\/\/alarcon-bustamante.cl\/?page_id=46","title":{"rendered":"Publications"},"content":{"rendered":"\n<ul class=\"wp-block-list\">\n<li>San Mart\u00edn ,E., Perticara, M.,\u00a0Varas, I.M.\u00a0&amp; <strong>Alarc\u00f3n-Bustamante, E.<\/strong> (2025)\u00a0<em>Income Inequality under Partial Observability: What Can We Learn from Incomplete Survey Data?\u00a0<\/em>\u00a0Annals of Operations Research [<a href=\"https:\/\/link.springer.com\/article\/10.1007\/s10479-025-06825-z\" data-type=\"link\" data-id=\"https:\/\/link.springer.com\/article\/10.1007\/s10479-025-06825-z\" target=\"_blank\" rel=\"noreferrer noopener\">Article<\/a>]<\/li>\n\n\n\n<li><strong>Alarc\u00f3n-Bustamante, E.<\/strong>,  Espinoza, P. , Torres Irribarra D., and  Godoy, M.I. (2025). Assessing the marginal effect under partial observability in a selection context. In <em>Proceedings of the 89th Annual International Meeting of the Psychometric Society, Prague, Czech Republic, 2024<\/em> [<a href=\"https:\/\/openreview.net\/pdf?id=3rU3HjnYwP\" data-type=\"link\" data-id=\"https:\/\/openreview.net\/pdf?id=3rU3HjnYwP\" target=\"_blank\" rel=\"noreferrer noopener\">Article<\/a>]<\/li>\n\n\n\n<li>Varas, I.M., <strong>Alarc\u00f3n-Bustamante, E.<\/strong>,  and  Gonz\u00e1lez, J. (2025). Better information on regression coefficients in predictive capacity studies with missing outcomes. In <em>Proceedings of the 89th Annual International Meeting of the Psychometric Society, Prague, Czech Republic, 2024<\/em> [<a href=\"https:\/\/openreview.net\/pdf?id=laHzBEpD9G\" target=\"_blank\" rel=\"noreferrer noopener\">Article<\/a>]<\/li>\n\n\n\n<li><strong>Alarc\u00f3n-Bustamante, E<\/strong>., Gonz\u00e1lez, J., Torres Irribarra, D., San Mart\u00edn, E. (2025) <em>From Missing Data to Informative GPA Predictions: Navigating Selection Process Beliefs with the Partial Identifiability Approach<\/em>. British Journal of Mathematical and Statistical Psychology, 78(2),647-671 [<a href=\"https:\/\/bpspsychub.onlinelibrary.wiley.com\/doi\/10.1111\/bmsp.12377\" data-type=\"link\" data-id=\"https:\/\/bpspsychub.onlinelibrary.wiley.com\/doi\/10.1111\/bmsp.12377\" target=\"_blank\" rel=\"noreferrer noopener\">Article<\/a>]<\/li>\n\n\n\n<li>Bustamante-Vald\u00e9s, M., D\u00edaz-Levicoy, D., <strong>Alarc\u00f3n-Bustamante, E<\/strong>. (2024) <em>Analysis of formative and evaluative activities on statistical graphs in textbooks for Chilean rural multigrade education<\/em>. European Journal of Investigation in Health, Psychology and Education; 14 (5), 1396-1412. [<a href=\"https:\/\/www.mdpi.com\/2254-9625\/14\/5\/92\" target=\"_blank\" rel=\"noreferrer noopener\">Article<\/a>]<\/li>\n\n\n\n<li>Le Corre N, Abarca K, Astudillo P, Potin M, L\u00f3pez S, Goldsack M, Valenzuela V, Schilling A, Gaete V, Rubio L, et al. (2023) <em>Different Safety Pattern of an Inactivated SARS-CoV-2 Vaccine (CoronaVac<sup>\u00ae<\/sup>) According to Age Group in a Pediatric Population from 3 to 17 Years Old, in an Open-Label Study in Chile<\/em>.&nbsp;Vaccines; 11(10):1526.&nbsp;[<a href=\"https:\/\/doi.org\/10.3390\/vaccines11101526\" data-type=\"link\" data-id=\"https:\/\/doi.org\/10.3390\/vaccines11101526\" target=\"_blank\" rel=\"noreferrer noopener\">Article<\/a>]<\/li>\n\n\n\n<li><strong>Alarc\u00f3n-Bustamante, E.<\/strong>, Varas, I.M., &amp; San Mart\u00edn, E. (2023). <em>On the impact of missing outcomes in linear regression<\/em>. Chilean Journal of Statistics, 14 (1), 26-36. [<a rel=\"noreferrer noopener\" href=\"http:\/\/soche.cl\/chjs\/volumes\/14\/ChJS-14-01-02.pdf\" target=\"_blank\">Article<\/a>]<\/li>\n\n\n\n<li><strong>Alarc\u00f3n-Bustamante, E<\/strong>. (2023) <em>Ignorabilidad: un supuesto clave en la din\u00e1mica de la inferencia estad\u00edstica en Ciencias de la Salud<\/em>. Inferencias: Bolet\u00edn de Bioestad\u00edstica 7 11-13. [<a rel=\"noreferrer noopener\" href=\"https:\/\/revistasdex.uchile.cl\/index.php\/int\/article\/view\/12666\/12686\" target=\"_blank\">Article<\/a>]<\/li>\n\n\n\n<li>Soto, J., Melo-Gonz\u00e1lez, F., Guti\u00e9rrez-Vera, C., et.al. (2022) <em>Inactivated Vaccine-Induced SARS-CoV-2 Variant-Specific Immunity in Children<\/em>. mBio. 13 (6) e01311-22. [<a rel=\"noreferrer noopener\" href=\"https:\/\/journals.asm.org\/doi\/epub\/10.1128\/mbio.01311-22\" target=\"_blank\">Article<\/a>]<\/li>\n\n\n\n<li><strong>Alarc\u00f3n-Bustamante, E<\/strong>. (2022) <em>Ignorar o no ignorar, esa es la cuesti\u00f3n<\/em>. &nbsp;Cuadernos de Beauchef. Ciencia, tecnolog\u00eda y cultura. 6 (1) 15-33. [<a rel=\"noreferrer noopener\" href=\"https:\/\/revistasdex.uchile.cl\/index.php\/cdb\/article\/view\/11776\/11803\" target=\"_blank\">Article<\/a>] <\/li>\n\n\n\n<li>San Mart\u00edn, E. &amp; <strong>Alarc\u00f3n-Bustamante, E.<\/strong><em> <\/em>(2022)<em> Dissecting Chilean surveys: the case of missing outcomes<\/em>. Chilean Journal of Statistics, 13 (1), 17-46. [<a rel=\"noreferrer noopener\" href=\"http:\/\/soche.cl\/chjs\/volumes\/13\/ChJS-13-01-02.pdf\" target=\"_blank\">Article<\/a>]<\/li>\n\n\n\n<li><strong>Alarc\u00f3n-Bustamante, E.<\/strong>, San Mart\u00edn, E. &amp; Gonz\u00e1lez, J. (2021). <em>On the marginal effect under partitioned populations: Definition and Interpretation<\/em>. In Wiberg, M., Molenaar, M., Gonz\u00e1lez, J., B\u00f6ckenholt, U., and Kim, JS. (Eds.), Quantitative Psychology. Springer Proceedings in Mathematics &amp; Statistics, vol 353. Springer, Cham. [<a rel=\"noreferrer noopener\" href=\"https:\/\/link.springer.com\/chapter\/10.1007\/978-3-030-74772-5_15\" target=\"_blank\">Article<\/a>]<\/li>\n\n\n\n<li><strong>Alarc\u00f3n-Bustamante, E.<\/strong>, San Mart\u00edn, E. &amp; Gonz\u00e1lez, J. (2020). <em>Predictive validity under partial observability<\/em>. In Wiberg, M., Molenaar, M., Gonz\u00e1lez, J., B\u00f6ckenholt, U., and Kim, JS. (Eds.), Quantitative Psychology. IMPS2019. Springer Proceedings in Mathematics &amp; Statistics, vol322. Springer, Cham. [<a rel=\"noreferrer noopener\" href=\"https:\/\/link.springer.com\/chapter\/10.1007\/978-3-030-43469-4_11\" target=\"_blank\">Article<\/a>]<\/li>\n\n\n\n<li>Cornejo, J., Tapia, J., Guerra, F., Y\u00e1\u00f1ez, M., Baettig, R., Guajardo, J., <strong>Alarc\u00f3n, E<\/strong>.&amp; Vidal, G. (2017). <em>Variation in Copper Accumulation at the Tissue Level of Five Hybrid Poplars Subjected to Copper Stress<\/em>. Water Air and Soil Pollution, 228:212. [<a rel=\"noreferrer noopener\" href=\"https:\/\/link.springer.com\/article\/10.1007\/s11270-017-3384-7?shared-article-renderer\" target=\"_blank\">Article<\/a>]<\/li>\n\n\n\n<li>V\u00e1squez, B. &amp; <strong>Alarc\u00f3n, E<\/strong>. (2016). <em>Inclusi\u00f3n en universidades chilenas: del discurso a interacciones pr\u00e1cticas, pol\u00edticas y culturales<\/em>. Pensamiento Educativo. Revista de Investigaci\u00f3n Educacional Latinoamericana, 53(2), 1-19. [<a rel=\"noreferrer noopener\" href=\"http:\/\/pensamientoeducativo.uc.cl\/index.php\/pel\/article\/view\/25981\" target=\"_blank\">Article<\/a>]<\/li>\n<\/ul>\n","protected":false},"excerpt":{"rendered":"","protected":false},"author":1,"featured_media":0,"parent":0,"menu_order":0,"comment_status":"closed","ping_status":"closed","template":"","meta":{"footnotes":""},"class_list":["post-46","page","type-page","status-publish","hentry"],"_links":{"self":[{"href":"https:\/\/alarcon-bustamante.cl\/index.php?rest_route=\/wp\/v2\/pages\/46","targetHints":{"allow":["GET"]}}],"collection":[{"href":"https:\/\/alarcon-bustamante.cl\/index.php?rest_route=\/wp\/v2\/pages"}],"about":[{"href":"https:\/\/alarcon-bustamante.cl\/index.php?rest_route=\/wp\/v2\/types\/page"}],"author":[{"embeddable":true,"href":"https:\/\/alarcon-bustamante.cl\/index.php?rest_route=\/wp\/v2\/users\/1"}],"replies":[{"embeddable":true,"href":"https:\/\/alarcon-bustamante.cl\/index.php?rest_route=%2Fwp%2Fv2%2Fcomments&post=46"}],"version-history":[{"count":108,"href":"https:\/\/alarcon-bustamante.cl\/index.php?rest_route=\/wp\/v2\/pages\/46\/revisions"}],"predecessor-version":[{"id":848,"href":"https:\/\/alarcon-bustamante.cl\/index.php?rest_route=\/wp\/v2\/pages\/46\/revisions\/848"}],"wp:attachment":[{"href":"https:\/\/alarcon-bustamante.cl\/index.php?rest_route=%2Fwp%2Fv2%2Fmedia&parent=46"}],"curies":[{"name":"wp","href":"https:\/\/api.w.org\/{rel}","templated":true}]}}