{"id":222,"date":"2022-01-07T14:36:22","date_gmt":"2022-01-07T14:36:22","guid":{"rendered":"https:\/\/alarcon-bustamante.cl\/?page_id=222"},"modified":"2026-03-12T17:26:55","modified_gmt":"2026-03-12T17:26:55","slug":"research","status":"publish","type":"page","link":"https:\/\/alarcon-bustamante.cl\/?page_id=222","title":{"rendered":"Research"},"content":{"rendered":"\n<ul class=\"wp-block-list\">\n<li><strong>2026 &#8211; 2028<\/strong>: <em>Who could have succeeded? From observed to plausible inference across University Admission Selection Rules<\/em>. FONDECYT 11260407, Chilean Government. Principal Investigator.<\/li>\n\n\n\n<li><strong>2026 &#8211; 2027<\/strong>: <em>Bridging methodological gaps in assessing the social impact of rehabilitation: a multidisciplinary approach to spinal cord injury<\/em> <em>[RPG25102]<\/em>. Research partnership grant 2025, Switzerland. Researcher<\/li>\n\n\n\n<li><strong>2022 &#8211; 2024<\/strong>: <em>Development of Modelling Tools for a Predictive Validity Agenda for University Admissions<\/em>. FONDECYT 3220422, Chilean Government. Principal Investigator.<\/li>\n\n\n\n<li><strong>2022 &#8211; 2024<\/strong>: <em>Admisi\u00f3n universitaria m\u00e1s all\u00e1 de la selecci\u00f3n<\/em>. FONDEF IDeA I+D ID22I10228, Chilean Government. Researcher.<\/li>\n\n\n\n<li><strong>2022 &#8211; 2024<\/strong>: <em>Millenium Nucleus on Intergenerational Mobility: From Modelling to Policy<\/em>. Iniciativa Milenio NCS2021072, Chilean Government. Postdoctoral researcher.<\/li>\n\n\n\n<li><strong>2021 &#8211; 2022<\/strong>: <em>Estudio cl\u00ednico multic\u00e9ntrico de fase 3, doble ciego, aleatorizado, controlado con<\/em> <em>placebo, para evaluar la eficacia, inmunogenicidad y seguridad de una vacuna contra COVID1<\/em>9 <em>(c\u00e9lulas Vero), inactivada (CoronaVac\u00ae), en ni\u00f1os y adolescentes de 6 meses a 17 a\u00f1os (PedCoronaVac03CL)<\/em>. Sinovac Life Sciences Co., Ltd. Data Manager and Statistician.<\/li>\n<\/ul>\n","protected":false},"excerpt":{"rendered":"","protected":false},"author":1,"featured_media":0,"parent":0,"menu_order":0,"comment_status":"closed","ping_status":"closed","template":"","meta":{"footnotes":""},"class_list":["post-222","page","type-page","status-publish","hentry"],"_links":{"self":[{"href":"https:\/\/alarcon-bustamante.cl\/index.php?rest_route=\/wp\/v2\/pages\/222","targetHints":{"allow":["GET"]}}],"collection":[{"href":"https:\/\/alarcon-bustamante.cl\/index.php?rest_route=\/wp\/v2\/pages"}],"about":[{"href":"https:\/\/alarcon-bustamante.cl\/index.php?rest_route=\/wp\/v2\/types\/page"}],"author":[{"embeddable":true,"href":"https:\/\/alarcon-bustamante.cl\/index.php?rest_route=\/wp\/v2\/users\/1"}],"replies":[{"embeddable":true,"href":"https:\/\/alarcon-bustamante.cl\/index.php?rest_route=%2Fwp%2Fv2%2Fcomments&post=222"}],"version-history":[{"count":29,"href":"https:\/\/alarcon-bustamante.cl\/index.php?rest_route=\/wp\/v2\/pages\/222\/revisions"}],"predecessor-version":[{"id":858,"href":"https:\/\/alarcon-bustamante.cl\/index.php?rest_route=\/wp\/v2\/pages\/222\/revisions\/858"}],"wp:attachment":[{"href":"https:\/\/alarcon-bustamante.cl\/index.php?rest_route=%2Fwp%2Fv2%2Fmedia&parent=222"}],"curies":[{"name":"wp","href":"https:\/\/api.w.org\/{rel}","templated":true}]}}